{"id":1137,"date":"2026-02-10T00:32:41","date_gmt":"2026-02-10T00:32:41","guid":{"rendered":"https:\/\/almarosanieto.com\/?page_id=1137"},"modified":"2026-02-10T00:34:11","modified_gmt":"2026-02-10T00:34:11","slug":"alma-rosa-nieto-jaime-barron-pc","status":"publish","type":"page","link":"https:\/\/almarosanieto.com\/es\/","title":{"rendered":"Alma Rosa Nieto &#038; Jaime Barron PC"},"content":{"rendered":"<div id=\"hero\" class=\"jawn_row row_full\" style=\"text-align:center;\"><div class=\"holder\"><div class=\"row_margin\"><div class=\"jawn_col vc_col-sm-12\" style=\"\"><div class=\"jawn_col-inner\"><div class=\"jawn_hero_slider arrows-light dots-light\"><div class=\"overlay\" style=\"background-color:rgba(0,0,0,0.3);\"><\/div><div class=\"jawn_hero_slider_slides\" data-slick='{\"dots\":true,\"arrows\":false,\"autoplay\":true,\"autoplaySpeed\":5000,\"pauseOnHover\":false,\"fade\":false,\"prevArrow\":\"<button class=\\\"slick-prev slick-arrow\\\" aria-label=\\\"Previous\\\"><span class=\\\"chev-out\\\"><span class=\\\"chev-in\\\"><\/span><\/span><\/button>\",\"nextArrow\":\"<button class=\\\"slick-next slick-arrow\\\" aria-label=\\\"Next\\\"><span class=\\\"chev-out\\\"><span class=\\\"chev-in\\\"><\/span><\/span><\/button>\"}'><div class=\"hero-slide\" style=\"height:calc(100vh - 300px);background-image:url(https:\/\/almarosanieto.com\/wp-content\/uploads\/2020\/05\/3-lady-liberty.jpg);\"><\/div><\/div><div class=\"jawn_hero_slider_content\" style=\"padding-top:0px;\"><div class=\"container\"><div class=\"jawn_text_block\"><div class=\"inner\"><\/p>\n<h1 class=\"translation-block\">Alcance Su Sue\u00f1o Americano<\/h1>\n<h3>M\u00e1s de 30 a\u00f1os manteniendo a familias unidas<\/h3>\n<p>\n<\/div><\/div><div class=\"jawn_empty_space\" style=\"height:25px;\"><\/div><a href=\"\/es\/contact-us\/\" target=\"_self\" class=\"jawn_button button_style_1 button-6634\" style=\"margin:;\">Cont\u00e1ctenos<\/a><\/div><\/div><\/div><div class=\"jawn_row inner_row row_in_grid\" style=\"text-align:left;background-color:#8cc63f;padding-top:70px;\"><div class=\"container\"><div class=\"row_margin flex-center\"><div class=\"jawn_col_inner vc_col-sm-6\" style=\"\"><div class=\"jawn_image align_right\"><div class=\"inner\"><img loading=\"lazy\" decoding=\"async\" width=\"500\" height=\"382\" src=\"https:\/\/almarosanieto.com\/wp-content\/uploads\/2026\/02\/Jaime-y-alma-sin-fondo-2.png\" class=\"attachment-full size-full\" alt=\"Jaime-y-alma-sin-fondo-2\" srcset=\"https:\/\/almarosanieto.com\/wp-content\/uploads\/2026\/02\/Jaime-y-alma-sin-fondo-2.png 500w, https:\/\/almarosanieto.com\/wp-content\/uploads\/2026\/02\/Jaime-y-alma-sin-fondo-2-300x229.png 300w, https:\/\/almarosanieto.com\/wp-content\/uploads\/2026\/02\/Jaime-y-alma-sin-fondo-2-16x12.png 16w\" sizes=\"auto, (max-width: 500px) 100vw, 500px\" \/><\/div><\/div><\/div><div class=\"jawn_col_inner vc_col-sm-6\" style=\"\"><div class=\"jawn_empty_space\" style=\"height:25px;\"><\/div><div class=\"jawn_text_block\"><div class=\"inner\"><\/p>\n<h4><span style=\"color: #000000;\">Alma Rosa Nieto y Jaime Barr\u00f3n unen fuerzas<\/span><\/h4>\n<h2>Unimos Nuestra Experiencia Para Servirle Mejor<\/h2>\n<p><span style=\"color: #000000;\">Gracias a esta integraci\u00f3n, los clientes de Jaime Barron PC y Alma Rosa Nieto tendr\u00e1n atenci\u00f3n personalizada en Texas, Maryland, Virginia, Washington, California y en todo el resto del pa\u00eds de manera virtual.<\/span><\/p>\n<\/div><\/div><div class=\"jawn_empty_space\" style=\"height:25px;\"><\/div><a href=\"https:\/\/jaimebarron.com\/abogados\/\" target=\"_blank\" class=\"jawn_button button_style_1 button-5633\" style=\"margin:;\">Aprende m\u00e1s sobre Jaime Barron<\/a><div class=\"jawn_empty_space\" style=\"height:25px;\"><\/div><\/div><\/div><\/div><\/div><\/div><\/div><\/div><\/div><\/div><div id=\"abstract\" class=\"jawn_row row_in_grid swap\" style=\"text-align:center;padding-top:70px;padding-bottom:70px;\"><div class=\"container\"><div class=\"row_margin flex-center\"><div class=\"jawn_col vc_col-sm-6\" style=\"\"><div class=\"jawn_col-inner\"><div class=\"jawn_text_block\"><div class=\"inner\"><\/p>\n<h2>La oficina legal de <strong>Alma Rosa Nieto<\/strong><\/h2>\n<h4>Un elemento destacado en la comunidad Latina<\/h4>\n<p>La oficina ha impulsado los derechos de los inmigrantes desde que fue fundada en 1984. Cada miembro de nuestra firma es profesional, biling\u00fce (ingl\u00e9s \/ espa\u00f1ol) y parte integral de nuestra misi\u00f3n. Creemos que nuestros servicios legales son de alta calidad y ofrecemos a nuestros clientes planes de pago sin intereses. Servimos a nuestra comunidad con integridad, respeto, honestidad y con los m\u00e1s altos est\u00e1ndares en nuestra industria.<\/p>\n<\/div><\/div><div class=\"jawn_empty_space\" style=\"height:15px;\"><\/div><a href=\"\/es\/about-us\/\" target=\"_self\" class=\"jawn_button button_style_1 button-3271\" style=\"margin:;\">Sobre Nosotros<\/a><\/div><\/div><div class=\"jawn_col vc_col-sm-6\" style=\"\"><div class=\"jawn_col-inner\"><div class=\"jawn_video vid_left\" style=\"width:1000px;\"><div class=\"inner\"><div class=\"video_wrapper\"><iframe loading=\"lazy\" title=\"Bienvenido a mi web site\" width=\"500\" height=\"281\" src=\"https:\/\/www.youtube.com\/embed\/3LZZYMcDVgg?feature=oembed\" frameborder=\"0\" allow=\"accelerometer; autoplay; clipboard-write; encrypted-media; gyroscope; picture-in-picture; web-share\" referrerpolicy=\"strict-origin-when-cross-origin\" allowfullscreen><\/iframe><\/div><\/div><\/div><\/div><\/div><\/div><\/div><\/div><div class=\"jawn_row row_in_grid\" style=\"text-align:center;padding-bottom:70px;\"><div class=\"container\"><div class=\"row_margin flex-center\"><div class=\"jawn_col vc_col-sm-12\" style=\"\"><div class=\"jawn_col-inner\"><div class=\"jawn_sep sep_full\" style=\"background-color:#e5e5e5;height:1px;margin-bottom:50px;\"><\/div><div class=\"jawn-itr left-image\"><div class=\"itr-image-side\"><img loading=\"lazy\" decoding=\"async\" width=\"480\" height=\"266\" src=\"https:\/\/almarosanieto.com\/wp-content\/uploads\/2020\/10\/hqdefaultwrld.jpg\" class=\"attachment-full size-full\" alt=\"Hqdefaultwrld\" srcset=\"https:\/\/almarosanieto.com\/wp-content\/uploads\/2020\/10\/hqdefaultwrld.jpg 480w, https:\/\/almarosanieto.com\/wp-content\/uploads\/2020\/10\/hqdefaultwrld-300x166.jpg 300w\" sizes=\"auto, (max-width: 480px) 100vw, 480px\" \/><\/div><div class=\"itr-content-side align_left\"><h2 class=\"itr-title\">\u00a1Casos virtuales disponibles desde cualquier parte del mundo!<\/h2><div class=\"itr-content\"><p>Nuestros casos virtuales se manejan con los m\u00e1s altos est\u00e1ndares en nuestra industria, lo que le permite estar con tranquilidad desde la comodidad de su hogar, ahorrando tiempo, evitando tr\u00e1fico y p\u00e9rdida de horas de trabajo.<\/p>\n<\/div><div class=\"itr-buttons\"><a class=\"jawn_button button_style_1\" href=\"\/es\/our-services\/\" target=\"_self\">Aprenda M\u00e1s<\/a><\/div><\/div><\/div><div class=\"jawn_empty_space\" style=\"height:30px;\"><\/div><div class=\"jawn_sep sep_full\" style=\"background-color:#e5e5e5;height:1px;\"><\/div><div class=\"jawn_empty_space\" style=\"height:30px;\"><\/div><\/div><\/div><\/div><\/div><\/div><div id=\"services\" class=\"jawn_row row_in_grid\" style=\"text-align:left;padding-top:115px;padding-bottom:115px;background-image:url(https:\/\/almarosanieto.com\/wp-content\/uploads\/2020\/05\/hp-bg_what_we_do.jpg);\"><div class=\"container\"><div class=\"row_margin\"><div class=\"jawn_col vc_col-sm-4\" style=\"\"><div class=\"jawn_col-inner\"><div class=\"jawn_text_block\"><div class=\"inner\"><\/p>\n<h2>Ayudando a la comunidad inmigrante desde 1984.<\/h2>\n<p>La oficina legal de Alma Rosa Nieto cubre una amplia gama de servicios de inmigraci\u00f3n, lo que nos permite ayudar a las familias permanecer unidas.<\/p>\n<\/div><\/div><div class=\"jawn_empty_space\" style=\"height:15px;\"><\/div><a href=\"\/es\/our-services\/\" target=\"_self\" class=\"jawn_button button_style_2 button-6500\" style=\"margin:;\">Nuestros Servicios<\/a><\/div><\/div><div class=\"jawn_col vc_col-sm-8\" style=\"\"><div class=\"jawn_col-inner\"><div class=\"jawn_row inner_row row_in_grid\" style=\"text-align:left;\"><div class=\"container\"><div class=\"row_margin\"><div class=\"jawn_col_inner vc_col-sm-6\" style=\"\"><div class=\"jawn_image align_inline\"><div class=\"inner\"><img loading=\"lazy\" decoding=\"async\" width=\"45\" height=\"45\" src=\"https:\/\/almarosanieto.com\/wp-content\/uploads\/2020\/05\/services-1-certificate.png\" class=\"attachment-full size-full\" alt=\"Certificate\" \/><\/div><\/div><div class=\"jawn_text_block\"><div class=\"inner\"><\/p>\n<h4>Petici\u00f3n familiar I-130<\/h4>\n<h6>Un ciudadano de los Estados Unidos tiene varias opciones para presentar una petici\u00f3n cuando usa la solicitud I-130.<\/h6>\n<p>\n<\/div><\/div><\/div><div class=\"jawn_col_inner vc_col-sm-6\" style=\"\"><div class=\"jawn_image align_inline\"><div class=\"inner\"><img loading=\"lazy\" decoding=\"async\" width=\"45\" height=\"45\" src=\"https:\/\/almarosanieto.com\/wp-content\/uploads\/2020\/05\/services-2-family.png\" class=\"attachment-full size-full\" alt=\"Family\" \/><\/div><\/div><div class=\"jawn_text_block\"><div class=\"inner\"><\/p>\n<h4>Naturalizaci\u00f3n N-400<\/h4>\n<h6>En la mayor\u00eda de los casos, un solicitante primero debe ser un residente permanente legal para calificar para la ciudadan\u00eda estadounidense.<\/h6>\n<p>\n<\/div><\/div><\/div><\/div><\/div><\/div><div class=\"jawn_row inner_row row_in_grid\" style=\"text-align:left;\"><div class=\"container\"><div class=\"row_margin\"><div class=\"jawn_col_inner vc_col-sm-6\" style=\"\"><div class=\"jawn_image align_inline\"><div class=\"inner\"><img loading=\"lazy\" decoding=\"async\" width=\"45\" height=\"45\" src=\"https:\/\/almarosanieto.com\/wp-content\/uploads\/2020\/05\/services-3-briefcase.png\" class=\"attachment-full size-full\" alt=\"Briefcase\" \/><\/div><\/div><div class=\"jawn_text_block\"><div class=\"inner\"><\/p>\n<h4>Exenciones\/Perdones (I-601, I-212)<\/h4>\n<h6>La ley de inmigraci\u00f3n establece que las personas que han cometido ciertos actos no son elegibles para inmigrar a los Estados Unidos.<\/h6>\n<p>\n<\/div><\/div><\/div><div class=\"jawn_col_inner vc_col-sm-6\" style=\"\"><div class=\"jawn_image align_inline\"><div class=\"inner\"><img loading=\"lazy\" decoding=\"async\" width=\"45\" height=\"45\" src=\"https:\/\/almarosanieto.com\/wp-content\/uploads\/2020\/05\/services-4-criminal.png\" class=\"attachment-full size-full\" alt=\"Criminal\" \/><\/div><\/div><div class=\"jawn_text_block\"><div class=\"inner\"><\/p>\n<h4>Visa U (I-918)<\/h4>\n<h6>El Congreso cre\u00f3 la Visa U para ayudar a las fuerzas del orden en la investigaci\u00f3n de delitos. Solo se emiten 10,000 visas por a\u00f1o.<\/h6>\n<p>\n<\/div><\/div><\/div><\/div><\/div><\/div><\/div><\/div><\/div><\/div><\/div><div id=\"vids\" class=\"jawn_row row_full\" style=\"text-align:center;padding-top:90px;padding-bottom:90px;\"><div class=\"holder\"><div class=\"row_margin\"><div class=\"jawn_col vc_col-sm-12\" style=\"\"><div class=\"jawn_col-inner\"><div class=\"jawn_text_block\"><div class=\"inner\"><\/p>\n<h2><strong>Testimonios<\/strong><\/h2>\n<p>Consideramos que la satisfacci\u00f3n de nuestros clientes es el indicador m\u00e1s preciso de nuestro \u00e9xito.<\/p>\n<\/div><\/div><div class=\"jawn_empty_space\" style=\"height:50px;\"><\/div><div class=\"vid_slider\"><div class=\"vid_slide\"><div class=\"vid_slide_inner\"><div class=\"video_wrapper\"><iframe loading=\"lazy\" title=\"Testimonio de Jenny M Fuentes\" width=\"500\" height=\"281\" src=\"https:\/\/www.youtube.com\/embed\/Cnb2y060_e4?feature=oembed\" frameborder=\"0\" allow=\"accelerometer; autoplay; clipboard-write; encrypted-media; gyroscope; picture-in-picture; web-share\" referrerpolicy=\"strict-origin-when-cross-origin\" allowfullscreen><\/iframe><\/div><\/div><\/div><div class=\"vid_slide\"><div class=\"vid_slide_inner\"><div class=\"video_wrapper\"><iframe loading=\"lazy\" title=\"Testimonio de Samuel Vidal\" width=\"500\" height=\"281\" src=\"https:\/\/www.youtube.com\/embed\/LVK16yPueM8?feature=oembed\" frameborder=\"0\" allow=\"accelerometer; autoplay; clipboard-write; encrypted-media; gyroscope; picture-in-picture; web-share\" referrerpolicy=\"strict-origin-when-cross-origin\" allowfullscreen><\/iframe><\/div><\/div><\/div><div class=\"vid_slide\"><div class=\"vid_slide_inner\"><div class=\"video_wrapper\"><iframe loading=\"lazy\" title=\"Testimonio de Sergio S\u00e1nchez\" width=\"500\" height=\"281\" src=\"https:\/\/www.youtube.com\/embed\/qjuqq9hJE5A?feature=oembed\" frameborder=\"0\" allow=\"accelerometer; autoplay; clipboard-write; encrypted-media; gyroscope; picture-in-picture; web-share\" referrerpolicy=\"strict-origin-when-cross-origin\" allowfullscreen><\/iframe><\/div><\/div><\/div><div class=\"vid_slide\"><div class=\"vid_slide_inner\"><div class=\"video_wrapper\"><iframe loading=\"lazy\" title=\"Testimonio Lisandro Carrillo\" width=\"500\" height=\"281\" src=\"https:\/\/www.youtube.com\/embed\/GOc-6ucOf7I?feature=oembed\" frameborder=\"0\" allow=\"accelerometer; autoplay; clipboard-write; encrypted-media; gyroscope; picture-in-picture; web-share\" referrerpolicy=\"strict-origin-when-cross-origin\" allowfullscreen><\/iframe><\/div><\/div><\/div><div class=\"vid_slide\"><div class=\"vid_slide_inner\"><div class=\"video_wrapper\"><iframe loading=\"lazy\" title=\"Testimonio Laura Poole\" width=\"500\" height=\"281\" src=\"https:\/\/www.youtube.com\/embed\/47f5L8RnYxQ?feature=oembed\" frameborder=\"0\" allow=\"accelerometer; autoplay; clipboard-write; encrypted-media; gyroscope; picture-in-picture; web-share\" referrerpolicy=\"strict-origin-when-cross-origin\" allowfullscreen><\/iframe><\/div><\/div><\/div><div class=\"vid_slide\"><div class=\"vid_slide_inner\"><div class=\"video_wrapper\"><iframe loading=\"lazy\" title=\"Testimonio de Ana Lorena Gonzalez\" width=\"500\" height=\"281\" src=\"https:\/\/www.youtube.com\/embed\/To7TFq0Hd4Q?feature=oembed\" frameborder=\"0\" allow=\"accelerometer; autoplay; clipboard-write; encrypted-media; gyroscope; picture-in-picture; web-share\" referrerpolicy=\"strict-origin-when-cross-origin\" allowfullscreen><\/iframe><\/div><\/div><\/div><\/div><\/div><\/div><\/div><\/div><\/div><div id=\"blog\" class=\"jawn_row row_in_grid\" style=\"text-align:center;background-color:#f2f2f2;padding-top:90px;padding-bottom:90px;background-image:url(https:\/\/almarosanieto.com\/wp-content\/uploads\/2020\/05\/torch-logo.png);\"><div class=\"container\"><div class=\"row_margin\"><div class=\"jawn_col vc_col-sm-12\" style=\"\"><div class=\"jawn_col-inner\"><div class=\"jawn_text_block\"><div class=\"inner\"><\/p>\n<h2><strong>\u00daltimas noticias en Alma Rosa Nieto<\/strong> at Alma Rosa Nieto<\/h2>\n<p>La fundadora Alma Rosa Nieto se asegura de tener numerosas apariciones en televisi\u00f3n, prensa y radio para mantener informados a los inmigrantes sobre el campo de la inmigraci\u00f3n que se mantiene en constante cambio. En esta secci\u00f3n encontrar\u00e1 informaci\u00f3n vital de nuestra dedicaci\u00f3n continua al fomento y la educaci\u00f3n de la comunidad inmigrante.<\/p>\n<\/div><\/div><div class=\"jawn_empty_space\" style=\"height:30px;\"><\/div><div class=\"jawn_text_block\"><div class=\"inner\"><div class=\"custom-blog\"><a class=\"blog-item\" href=\"https:\/\/youtu.be\/8omK00LMo1A\" target=\"_blank\"><div class=\"blog-item-inner\"><div class=\"blog-date\"><span class=\"blog-month\">Jun<\/span><span class=\"blog-day\">30<\/div><div class=\"blog-img\"><div style=\"background-image:url(https:\/\/almarosanieto.com\/wp-content\/uploads\/2022\/07\/BREAKING-NEWS-THUMBNAIL-FULL.png);\"><\/div><\/div><p class=\"blog-title\">\u00daltimaHora &#8211; Corte: Biden puede anular programa &#8220;Qu\u00e9date en M\u00e9xico&#8221;<\/p><\/div><\/a><a class=\"blog-item\" href=\"https:\/\/www.youtube.com\/watch?v=Bx66CUP0TyU&feature=youtu.be\" target=\"_blank\"><div class=\"blog-item-inner\"><div class=\"blog-date\"><span class=\"blog-month\">Dec<\/span><span class=\"blog-day\">17<\/div><div class=\"blog-img\"><div style=\"background-image:url(https:\/\/almarosanieto.com\/wp-content\/uploads\/2021\/12\/BREAKING-NEWS-THUMBNAIL-FULL-3.png);\"><\/div><\/div><p class=\"blog-title\">Plan C de inmigraci\u00f3n rechazado por la parlamentaria del Senado de Estados Unidos.<\/p><\/div><\/a><a class=\"blog-item\" href=\"https:\/\/youtu.be\/uQ6COSpqggI\" target=\"_blank\"><div class=\"blog-item-inner\"><div class=\"blog-date\"><span class=\"blog-month\">Dec<\/span><span class=\"blog-day\">9<\/div><div class=\"blog-img\"><div style=\"background-image:url(https:\/\/almarosanieto.com\/wp-content\/uploads\/2021\/12\/BREAKING-NEWS-THUMBNAIL-FULL.png);\"><\/div><\/div><p class=\"blog-title\">Inmigraci\u00f3n | Examen m\u00e9dico no vence a los 60 d\u00edas para el ajuste de estado i-485.<\/p><\/div><\/a><\/div>\n<\/div><\/div><div class=\"jawn_empty_space\" style=\"height:30px;\"><\/div><a href=\"#\" target=\"_self\" class=\"jawn_button button_style_1 button-6238\" style=\"margin:;\">M\u00e1s Noticias<\/a><\/div><\/div><\/div><\/div><\/div>","protected":false},"excerpt":{"rendered":"","protected":false},"author":11,"featured_media":0,"parent":0,"menu_order":0,"comment_status":"closed","ping_status":"closed","template":"","meta":{"footnotes":""},"class_list":["post-1137","page","type-page","status-publish","hentry"],"yoast_head":"<!-- This site is optimized with the Yoast SEO plugin v27.1.1 - https:\/\/yoast.com\/product\/yoast-seo-wordpress\/ -->\n<title>Law office of Alma Rosa Nieto - Fostering Immigrant Rights Since 1984<\/title>\n<meta name=\"description\" content=\"We offer a diverse range of Immigration Services, allowing us to help keep families together. We believe in providing the highest quality of legal services to our clients\" \/>\n<meta name=\"robots\" content=\"index, follow, max-snippet:-1, max-image-preview:large, max-video-preview:-1\" \/>\n<link rel=\"canonical\" href=\"https:\/\/almarosanieto.com\/es\/\" \/>\n<meta property=\"og:locale\" content=\"es_MX\" \/>\n<meta property=\"og:type\" content=\"article\" \/>\n<meta property=\"og:title\" content=\"Law office of Alma Rosa Nieto - Fostering Immigrant Rights Since 1984\" \/>\n<meta property=\"og:description\" content=\"We offer a diverse range of Immigration Services, allowing us to help keep families together. We believe in providing the highest quality of legal services to our clients\" \/>\n<meta property=\"og:url\" content=\"https:\/\/almarosanieto.com\/es\/\" \/>\n<meta property=\"og:site_name\" content=\"Alma Rosa Nieto\" \/>\n<meta property=\"article:modified_time\" content=\"2026-02-10T00:34:11+00:00\" \/>\n<meta name=\"twitter:card\" content=\"summary_large_image\" \/>\n<meta name=\"twitter:label1\" content=\"Est. reading time\" \/>\n\t<meta name=\"twitter:data1\" content=\"3 minutes\" \/>\n<script type=\"application\/ld+json\" class=\"yoast-schema-graph\">{\"@context\":\"https:\/\/schema.org\",\"@graph\":[{\"@type\":\"WebPage\",\"@id\":\"https:\/\/almarosanieto.com\/\",\"url\":\"https:\/\/almarosanieto.com\/\",\"name\":\"Law office of Alma Rosa Nieto - Fostering Immigrant Rights Since 1984\",\"isPartOf\":{\"@id\":\"https:\/\/almarosanieto.com\/#website\"},\"datePublished\":\"2026-02-10T00:32:41+00:00\",\"dateModified\":\"2026-02-10T00:34:11+00:00\",\"description\":\"We offer a diverse range of Immigration Services, allowing us to help keep families together. We believe in providing the highest quality of legal services to our clients\",\"breadcrumb\":{\"@id\":\"https:\/\/almarosanieto.com\/#breadcrumb\"},\"inLanguage\":\"es-MX\",\"potentialAction\":[{\"@type\":\"ReadAction\",\"target\":[\"https:\/\/almarosanieto.com\/\"]}]},{\"@type\":\"BreadcrumbList\",\"@id\":\"https:\/\/almarosanieto.com\/#breadcrumb\",\"itemListElement\":[{\"@type\":\"ListItem\",\"position\":1,\"name\":\"Home\",\"item\":\"https:\/\/almarosanieto.com\/\"},{\"@type\":\"ListItem\",\"position\":2,\"name\":\"Alma Rosa Nieto &#038; Jaime Barron PC\"}]},{\"@type\":\"WebSite\",\"@id\":\"https:\/\/almarosanieto.com\/#website\",\"url\":\"https:\/\/almarosanieto.com\/\",\"name\":\"Alma Rosa Nieto\",\"description\":\"\",\"potentialAction\":[{\"@type\":\"SearchAction\",\"target\":{\"@type\":\"EntryPoint\",\"urlTemplate\":\"https:\/\/almarosanieto.com\/?s={search_term_string}\"},\"query-input\":{\"@type\":\"PropertyValueSpecification\",\"valueRequired\":true,\"valueName\":\"search_term_string\"}}],\"inLanguage\":\"es-MX\"}]}<\/script>\n<!-- \/ Yoast SEO plugin. -->","yoast_head_json":{"title":"Law office of Alma Rosa Nieto - Fostering Immigrant Rights Since 1984","description":"We offer a diverse range of Immigration Services, allowing us to help keep families together. We believe in providing the highest quality of legal services to our clients","robots":{"index":"index","follow":"follow","max-snippet":"max-snippet:-1","max-image-preview":"max-image-preview:large","max-video-preview":"max-video-preview:-1"},"canonical":"https:\/\/almarosanieto.com\/es\/","og_locale":"es_MX","og_type":"article","og_title":"Law office of Alma Rosa Nieto - Fostering Immigrant Rights Since 1984","og_description":"We offer a diverse range of Immigration Services, allowing us to help keep families together. We believe in providing the highest quality of legal services to our clients","og_url":"https:\/\/almarosanieto.com\/es\/","og_site_name":"Alma Rosa Nieto","article_modified_time":"2026-02-10T00:34:11+00:00","twitter_card":"summary_large_image","twitter_misc":{"Est. reading time":"3 minutes"},"schema":{"@context":"https:\/\/schema.org","@graph":[{"@type":"WebPage","@id":"https:\/\/almarosanieto.com\/","url":"https:\/\/almarosanieto.com\/","name":"Law office of Alma Rosa Nieto - Fostering Immigrant Rights Since 1984","isPartOf":{"@id":"https:\/\/almarosanieto.com\/#website"},"datePublished":"2026-02-10T00:32:41+00:00","dateModified":"2026-02-10T00:34:11+00:00","description":"We offer a diverse range of Immigration Services, allowing us to help keep families together. We believe in providing the highest quality of legal services to our clients","breadcrumb":{"@id":"https:\/\/almarosanieto.com\/#breadcrumb"},"inLanguage":"es-MX","potentialAction":[{"@type":"ReadAction","target":["https:\/\/almarosanieto.com\/"]}]},{"@type":"BreadcrumbList","@id":"https:\/\/almarosanieto.com\/#breadcrumb","itemListElement":[{"@type":"ListItem","position":1,"name":"Home","item":"https:\/\/almarosanieto.com\/"},{"@type":"ListItem","position":2,"name":"Alma Rosa Nieto &#038; Jaime Barron PC"}]},{"@type":"WebSite","@id":"https:\/\/almarosanieto.com\/#website","url":"https:\/\/almarosanieto.com\/","name":"Alma Rosa Nieto","description":"","potentialAction":[{"@type":"SearchAction","target":{"@type":"EntryPoint","urlTemplate":"https:\/\/almarosanieto.com\/?s={search_term_string}"},"query-input":{"@type":"PropertyValueSpecification","valueRequired":true,"valueName":"search_term_string"}}],"inLanguage":"es-MX"}]}},"_links":{"self":[{"href":"https:\/\/almarosanieto.com\/es\/wp-json\/wp\/v2\/pages\/1137","targetHints":{"allow":["GET"]}}],"collection":[{"href":"https:\/\/almarosanieto.com\/es\/wp-json\/wp\/v2\/pages"}],"about":[{"href":"https:\/\/almarosanieto.com\/es\/wp-json\/wp\/v2\/types\/page"}],"author":[{"embeddable":true,"href":"https:\/\/almarosanieto.com\/es\/wp-json\/wp\/v2\/users\/11"}],"replies":[{"embeddable":true,"href":"https:\/\/almarosanieto.com\/es\/wp-json\/wp\/v2\/comments?post=1137"}],"version-history":[{"count":5,"href":"https:\/\/almarosanieto.com\/es\/wp-json\/wp\/v2\/pages\/1137\/revisions"}],"predecessor-version":[{"id":1152,"href":"https:\/\/almarosanieto.com\/es\/wp-json\/wp\/v2\/pages\/1137\/revisions\/1152"}],"wp:attachment":[{"href":"https:\/\/almarosanieto.com\/es\/wp-json\/wp\/v2\/media?parent=1137"}],"curies":[{"name":"wp","href":"https:\/\/api.w.org\/{rel}","templated":true}]}}