{"id":638,"date":"2021-10-20T22:02:00","date_gmt":"2021-10-20T22:02:00","guid":{"rendered":"https:\/\/almarosanieto.com\/?page_id=638"},"modified":"2021-11-09T17:22:23","modified_gmt":"2021-11-09T17:22:23","slug":"confirmation-page","status":"publish","type":"page","link":"https:\/\/almarosanieto.com\/es\/confirmation-page\/","title":{"rendered":"P\u00e1gina de Confirmaci\u00f3n"},"content":{"rendered":"<div class=\"jawn_row row_full\" style=\"text-align:left;padding-top:275px;padding-bottom:275px;background-image:url(https:\/\/almarosanieto.com\/wp-content\/uploads\/2020\/05\/3-lady-liberty.jpg);\"><div class=\"holder\"><div class=\"row_margin\"><div class=\"jawn_col vc_col-sm-6\" style=\"\"><div class=\"jawn_col-inner\"><\/div><\/div><div class=\"jawn_col vc_col-sm-6\" style=\"\"><div class=\"jawn_col-inner\"><div class=\"jawn_text_block\"><div class=\"inner\"><\/p>\n<div class=\"jawn_row row_in_grid\">\n<div class=\"container\">\n<div class=\"row_margin\">\n<div class=\"jawn_col vc_col-sm-12\">\n<div class=\"jawn_col-inner\">\n<div class=\"jawn_text_block\">\n<div class=\"inner\">\n<h2>Gracias por programar su cita.<\/h2>\n<\/div>\n<\/div>\n<\/div>\n<\/div>\n<\/div>\n<\/div>\n<\/div>\n<p>\n<\/div><\/div><\/div><\/div><\/div><\/div><\/div><div class=\"jawn_row row_in_grid\" style=\"text-align:left;\"><div class=\"container\"><div class=\"row_margin\"><div class=\"jawn_col vc_col-sm-12\" style=\"\"><div class=\"jawn_col-inner\"><div class=\"jawn_empty_space\" style=\"height:90px;\"><\/div><\/div><\/div><\/div><\/div><\/div><div class=\"jawn_row row_in_grid\" style=\"text-align:left;\"><div class=\"container\"><div class=\"row_margin\"><div class=\"jawn_col vc_col-sm-12\" style=\"\"><div class=\"jawn_col-inner\"><div class=\"jawn_text_block\"><div class=\"inner\"><\/p>\n<div class=\"jawn_col vc_col-sm-12\">\n<div class=\"jawn_col-inner\">\n<h4 class=\"jawn_empty_space\" style=\"text-align: center;\">Hay dos cosas que debe hacer en preparaci\u00f3n para su consulta inicial.<\/h4>\n<\/div>\n<\/div>\n<p>\n<\/div><\/div><\/div><\/div><\/div><\/div><\/div><div class=\"jawn_row row_in_grid\" style=\"text-align:left;\"><div class=\"container\"><div class=\"row_margin\"><div class=\"jawn_col vc_col-sm-12\" style=\"\"><div class=\"jawn_col-inner\"><div class=\"jawn_empty_space\" style=\"height:100px;\"><\/div><\/div><\/div><\/div><\/div><\/div><div class=\"jawn_row row_in_grid\" style=\"text-align:left;\"><div class=\"container\"><div class=\"row_margin\"><div class=\"jawn_col vc_col-sm-6\" style=\"\"><div class=\"jawn_col-inner\"><div class=\"jawn_text_block\"><div class=\"inner\"><p><strong>1. Completar el cuestionario, para que podamos tener una idea clara de lo que necesita y\nprepararnos para responder a sus preguntas. Llene el cuestionario haciendo clic en este bot\u00f3n:<\/strong><\/p>\n<\/div><\/div><div class=\"jawn_empty_space\" style=\"height:25px;\"><\/div><a href=\"https:\/\/form.jotform.com\/almarosanietolaw\/client-questionnaire\" target=\"_blank\" class=\"jawn_button button_style_1 button-8542\" style=\"margin:;\">Cuestionario<\/a><style>.jawn_button.button-8542{background-color:#1e73be;}.jawn_button.button-8542:hover{color:#79b0c4;}<\/style><div class=\"jawn_empty_space\" style=\"height:25px;\"><\/div><\/div><\/div><div class=\"jawn_col vc_col-sm-6\" style=\"\"><div class=\"jawn_col-inner\"><div class=\"jawn_text_block\"><div class=\"inner\"><p><strong>2. Pagar la consulta. Despu\u00e9s de enviar su cuestionario de cliente. Uno de nuestros asociados le llamar\u00e1 para cobrar el pago. Aceptamos tarjetas de d\u00e9bito\/cr\u00e9dito y giros postales.<\/strong><\/p>\n<\/div><\/div><\/div><\/div><\/div><\/div><\/div><div class=\"jawn_row row_in_grid\" style=\"text-align:left;\"><div class=\"container\"><div class=\"row_margin\"><div class=\"jawn_col vc_col-sm-12\" style=\"\"><div class=\"jawn_col-inner\"><div class=\"jawn_empty_space\" style=\"height:90px;\"><\/div><\/div><\/div><\/div><\/div><\/div><div class=\"jawn_row row_in_grid\" style=\"text-align:left;\"><div class=\"container\"><div class=\"row_margin\"><div class=\"jawn_col vc_col-sm-12\" style=\"\"><div class=\"jawn_col-inner\"><div class=\"jawn_text_block\"><div class=\"inner\"><\/p>\n<p style=\"text-align: center;\">Si despu\u00e9s de revisar su cuestionario determinamos que no podemos ayudarle, le\ndevolveremos el dinero de esta consulta telef\u00f3nica.<\/p>\n<p>\n<\/div><\/div><\/div><\/div><\/div><\/div><\/div><div class=\"jawn_row row_in_grid\" style=\"text-align:left;\"><div class=\"container\"><div class=\"row_margin\"><div class=\"jawn_col vc_col-sm-12\" style=\"\"><div class=\"jawn_col-inner\"><div class=\"jawn_empty_space\" style=\"height:90px;\"><\/div><\/div><\/div><\/div><\/div><\/div>","protected":false},"excerpt":{"rendered":"Thank you for scheduling your appointment. There are two things you still need to do to prepare for our initial consultation. 1. Fill out the client questionnaire, so we can get a clear understanding of what you need and prepare to answer your questions. Fill out the questionnaire by clicking on this button: Questionnaire2. Pay [...]","protected":false},"author":9,"featured_media":0,"parent":0,"menu_order":0,"comment_status":"closed","ping_status":"open","template":"","meta":{"footnotes":""},"class_list":["post-638","page","type-page","status-publish","hentry"],"yoast_head":"<!-- This site is optimized with the Yoast SEO plugin v27.1.1 - https:\/\/yoast.com\/product\/yoast-seo-wordpress\/ -->\n<title>Confirmation Page - Alma Rosa Nieto<\/title>\n<meta name=\"robots\" content=\"index, follow, max-snippet:-1, max-image-preview:large, max-video-preview:-1\" \/>\n<link rel=\"canonical\" href=\"https:\/\/almarosanieto.com\/es\/confirmation-page\/\" \/>\n<meta property=\"og:locale\" content=\"es_MX\" \/>\n<meta property=\"og:type\" content=\"article\" \/>\n<meta property=\"og:title\" content=\"Confirmation Page - Alma Rosa Nieto\" \/>\n<meta property=\"og:url\" content=\"https:\/\/almarosanieto.com\/es\/confirmation-page\/\" \/>\n<meta property=\"og:site_name\" content=\"Alma Rosa Nieto\" \/>\n<meta property=\"article:modified_time\" content=\"2021-11-09T17:22:23+00:00\" \/>\n<meta name=\"twitter:card\" content=\"summary_large_image\" \/>\n<meta name=\"twitter:label1\" content=\"Est. reading time\" \/>\n\t<meta name=\"twitter:data1\" content=\"1 minute\" \/>\n<script type=\"application\/ld+json\" class=\"yoast-schema-graph\">{\"@context\":\"https:\/\/schema.org\",\"@graph\":[{\"@type\":\"WebPage\",\"@id\":\"https:\/\/almarosanieto.com\/es\/confirmation-page\/\",\"url\":\"https:\/\/almarosanieto.com\/es\/confirmation-page\/\",\"name\":\"Confirmation Page - Alma Rosa Nieto\",\"isPartOf\":{\"@id\":\"https:\/\/almarosanieto.com\/#website\"},\"datePublished\":\"2021-10-20T22:02:00+00:00\",\"dateModified\":\"2021-11-09T17:22:23+00:00\",\"breadcrumb\":{\"@id\":\"https:\/\/almarosanieto.com\/es\/confirmation-page\/#breadcrumb\"},\"inLanguage\":\"es-MX\",\"potentialAction\":[{\"@type\":\"ReadAction\",\"target\":[\"https:\/\/almarosanieto.com\/es\/confirmation-page\/\"]}]},{\"@type\":\"BreadcrumbList\",\"@id\":\"https:\/\/almarosanieto.com\/es\/confirmation-page\/#breadcrumb\",\"itemListElement\":[{\"@type\":\"ListItem\",\"position\":1,\"name\":\"Home\",\"item\":\"https:\/\/almarosanieto.com\/\"},{\"@type\":\"ListItem\",\"position\":2,\"name\":\"Confirmation Page\"}]},{\"@type\":\"WebSite\",\"@id\":\"https:\/\/almarosanieto.com\/#website\",\"url\":\"https:\/\/almarosanieto.com\/\",\"name\":\"Alma Rosa Nieto\",\"description\":\"\",\"potentialAction\":[{\"@type\":\"SearchAction\",\"target\":{\"@type\":\"EntryPoint\",\"urlTemplate\":\"https:\/\/almarosanieto.com\/?s={search_term_string}\"},\"query-input\":{\"@type\":\"PropertyValueSpecification\",\"valueRequired\":true,\"valueName\":\"search_term_string\"}}],\"inLanguage\":\"es-MX\"}]}<\/script>\n<!-- \/ Yoast SEO plugin. -->","yoast_head_json":{"title":"Confirmation Page - Alma Rosa Nieto","robots":{"index":"index","follow":"follow","max-snippet":"max-snippet:-1","max-image-preview":"max-image-preview:large","max-video-preview":"max-video-preview:-1"},"canonical":"https:\/\/almarosanieto.com\/es\/confirmation-page\/","og_locale":"es_MX","og_type":"article","og_title":"Confirmation Page - Alma Rosa Nieto","og_url":"https:\/\/almarosanieto.com\/es\/confirmation-page\/","og_site_name":"Alma Rosa Nieto","article_modified_time":"2021-11-09T17:22:23+00:00","twitter_card":"summary_large_image","twitter_misc":{"Est. reading time":"1 minute"},"schema":{"@context":"https:\/\/schema.org","@graph":[{"@type":"WebPage","@id":"https:\/\/almarosanieto.com\/es\/confirmation-page\/","url":"https:\/\/almarosanieto.com\/es\/confirmation-page\/","name":"Confirmation Page - Alma Rosa Nieto","isPartOf":{"@id":"https:\/\/almarosanieto.com\/#website"},"datePublished":"2021-10-20T22:02:00+00:00","dateModified":"2021-11-09T17:22:23+00:00","breadcrumb":{"@id":"https:\/\/almarosanieto.com\/es\/confirmation-page\/#breadcrumb"},"inLanguage":"es-MX","potentialAction":[{"@type":"ReadAction","target":["https:\/\/almarosanieto.com\/es\/confirmation-page\/"]}]},{"@type":"BreadcrumbList","@id":"https:\/\/almarosanieto.com\/es\/confirmation-page\/#breadcrumb","itemListElement":[{"@type":"ListItem","position":1,"name":"Home","item":"https:\/\/almarosanieto.com\/"},{"@type":"ListItem","position":2,"name":"Confirmation Page"}]},{"@type":"WebSite","@id":"https:\/\/almarosanieto.com\/#website","url":"https:\/\/almarosanieto.com\/","name":"Alma Rosa Nieto","description":"","potentialAction":[{"@type":"SearchAction","target":{"@type":"EntryPoint","urlTemplate":"https:\/\/almarosanieto.com\/?s={search_term_string}"},"query-input":{"@type":"PropertyValueSpecification","valueRequired":true,"valueName":"search_term_string"}}],"inLanguage":"es-MX"}]}},"_links":{"self":[{"href":"https:\/\/almarosanieto.com\/es\/wp-json\/wp\/v2\/pages\/638","targetHints":{"allow":["GET"]}}],"collection":[{"href":"https:\/\/almarosanieto.com\/es\/wp-json\/wp\/v2\/pages"}],"about":[{"href":"https:\/\/almarosanieto.com\/es\/wp-json\/wp\/v2\/types\/page"}],"author":[{"embeddable":true,"href":"https:\/\/almarosanieto.com\/es\/wp-json\/wp\/v2\/users\/9"}],"replies":[{"embeddable":true,"href":"https:\/\/almarosanieto.com\/es\/wp-json\/wp\/v2\/comments?post=638"}],"version-history":[{"count":7,"href":"https:\/\/almarosanieto.com\/es\/wp-json\/wp\/v2\/pages\/638\/revisions"}],"predecessor-version":[{"id":858,"href":"https:\/\/almarosanieto.com\/es\/wp-json\/wp\/v2\/pages\/638\/revisions\/858"}],"wp:attachment":[{"href":"https:\/\/almarosanieto.com\/es\/wp-json\/wp\/v2\/media?parent=638"}],"curies":[{"name":"wp","href":"https:\/\/api.w.org\/{rel}","templated":true}]}}