{"id":69,"date":"2020-07-01T15:53:08","date_gmt":"2020-07-01T15:53:08","guid":{"rendered":"http:\/\/arn.jawndev.com\/?page_id=69"},"modified":"2023-02-16T00:33:43","modified_gmt":"2023-02-16T00:33:43","slug":"about-us","status":"publish","type":"page","link":"https:\/\/almarosanieto.com\/es\/about-us\/","title":{"rendered":"Sobre Nosotros"},"content":{"rendered":"<div id=\"blog\" class=\"jawn_row row_in_grid\" style=\"text-align:center;background-color:#f2f2f2;padding-top:90px;padding-bottom:90px;background-image:url(https:\/\/almarosanieto.com\/wp-content\/uploads\/2020\/05\/torch-logo.png);\"><div class=\"container\"><div class=\"row_margin\"><div class=\"jawn_col vc_col-sm-12\" style=\"\"><div class=\"jawn_col-inner\"><div class=\"jawn-itr left-image tablet\"><div class=\"itr-image-side\"><img loading=\"lazy\" decoding=\"async\" width=\"1515\" height=\"1011\" src=\"https:\/\/almarosanieto.com\/wp-content\/uploads\/2023\/02\/ARN-REGINA-FOR-WEB.jpg\" class=\"attachment-full size-full\" alt=\"ARN-REGINA-FOR-WEB\" srcset=\"https:\/\/almarosanieto.com\/wp-content\/uploads\/2023\/02\/ARN-REGINA-FOR-WEB.jpg 1515w, https:\/\/almarosanieto.com\/wp-content\/uploads\/2023\/02\/ARN-REGINA-FOR-WEB-300x200.jpg 300w, https:\/\/almarosanieto.com\/wp-content\/uploads\/2023\/02\/ARN-REGINA-FOR-WEB-1024x683.jpg 1024w, https:\/\/almarosanieto.com\/wp-content\/uploads\/2023\/02\/ARN-REGINA-FOR-WEB-768x513.jpg 768w, https:\/\/almarosanieto.com\/wp-content\/uploads\/2023\/02\/ARN-REGINA-FOR-WEB-18x12.jpg 18w, https:\/\/almarosanieto.com\/wp-content\/uploads\/2023\/02\/ARN-REGINA-FOR-WEB-800x534.jpg 800w\" sizes=\"auto, (max-width: 1515px) 100vw, 1515px\" \/><\/div><div class=\"itr-content-side align_left\"><h4 class=\"itr-title\">Un elemento destacado en la comunidad Latina<\/h4><div class=\"itr-content\"><p>La oficina legal de Alma Rosa Nieto ha fomentado los derechos de los inmigrantes desde que fue fundada en 1984. Cada miembro de nuestra firma es una persona talentosa, biling\u00fce (ingl\u00e9s \/ espa\u00f1ol) y parte integral de nuestra misi\u00f3n. Creemos en brindar servicios legales de alta calidad a nuestros clientes al nivel m\u00e1s rentable ofreciendo planes de pago sin intereses. Servimos a nuestra comunidad con integridad, respeto, honestidad y los m\u00e1s altos est\u00e1ndares de nuestra industria.<\/p>\n<p>En un campo de inmigraci\u00f3n en constante cambio, estamos dedicados al fomento y la educaci\u00f3n de la comunidad inmigrante. La fundadora, Alma Rosa Nieto tiene numerosas apariciones en televisi\u00f3n, redes sociales, prensa escrita, y radio. Adem\u00e1s, Alma Rosa Nieto personalmente produce todo el contenido compartido en nuestras plataformas de redes sociales para mantener a la comunidad inmigrante empoderada e informada de los muchos cambios en el campo.<\/p>\n<p>La oficina legal de Alma Rosa Nieto es experta en brindar los servicios m\u00e1s profesionales y compasivos a nuestra diversa clientela. La oficina est\u00e1 compuesta por miembros de varias nacionalidades, biling\u00fces, sensibles y solidarios con una larga experiencia en el campo.<\/p>\n<\/div><\/div><\/div><\/div><\/div><\/div><\/div><\/div><div id=\"vids\" class=\"jawn_row row_full\" style=\"text-align:center;padding-top:90px;padding-bottom:90px;\"><div class=\"holder\"><div class=\"row_margin\"><div class=\"jawn_col vc_col-sm-12\" style=\"\"><div class=\"jawn_col-inner\"><div class=\"vid_slider\"><div class=\"vid_slide\"><div class=\"vid_slide_inner\"><div class=\"video_wrapper\"><iframe loading=\"lazy\" title=\"Abogada de inmigraci\u00f3n explica a qui\u00e9nes benefician nuevos perdones | Noticiero | Noticias Telemundo\" width=\"500\" height=\"281\" src=\"https:\/\/www.youtube.com\/embed\/iNvfMJR9DxM?feature=oembed\" frameborder=\"0\" allow=\"accelerometer; autoplay; clipboard-write; encrypted-media; gyroscope; picture-in-picture; web-share\" referrerpolicy=\"strict-origin-when-cross-origin\" allowfullscreen><\/iframe><\/div><\/div><\/div><div class=\"vid_slide\"><div class=\"vid_slide_inner\"><div class=\"video_wrapper\"><iframe loading=\"lazy\" title=\"Emigrar \u201cpor los a\u00f1os\u201d podr\u00eda ser una trampa | Noticiero | Noticias Telemundo\" width=\"500\" height=\"281\" src=\"https:\/\/www.youtube.com\/embed\/JNrKVTkCYCw?feature=oembed\" frameborder=\"0\" allow=\"accelerometer; autoplay; clipboard-write; encrypted-media; gyroscope; picture-in-picture; web-share\" referrerpolicy=\"strict-origin-when-cross-origin\" allowfullscreen><\/iframe><\/div><\/div><\/div><div class=\"vid_slide\"><div class=\"vid_slide_inner\"><div class=\"video_wrapper\"><iframe loading=\"lazy\" title=\"\u00bfQu\u00e9 hacer ante una orden deportaci\u00f3n? | Noticiero | Noticias Telemundo\" width=\"500\" height=\"281\" src=\"https:\/\/www.youtube.com\/embed\/4k16pumVTt4?feature=oembed\" frameborder=\"0\" allow=\"accelerometer; autoplay; clipboard-write; encrypted-media; gyroscope; picture-in-picture; web-share\" referrerpolicy=\"strict-origin-when-cross-origin\" allowfullscreen><\/iframe><\/div><\/div><\/div><div class=\"vid_slide\"><div class=\"vid_slide_inner\"><div class=\"video_wrapper\"><iframe loading=\"lazy\" title=\"La carta que todo inmigrante debe tener para su proceso | Noticiero | Noticias Telemundo\" width=\"500\" height=\"281\" src=\"https:\/\/www.youtube.com\/embed\/nDl1ANITue8?feature=oembed\" frameborder=\"0\" allow=\"accelerometer; autoplay; clipboard-write; encrypted-media; gyroscope; picture-in-picture; web-share\" referrerpolicy=\"strict-origin-when-cross-origin\" allowfullscreen><\/iframe><\/div><\/div><\/div><div class=\"vid_slide\"><div class=\"vid_slide_inner\"><div class=\"video_wrapper\"><iframe loading=\"lazy\" title=\"Que debe saber si necesita un &quot;perd\u00f3n&quot; por presencia ilegal en EEUU | Noticias | Noticias Telemundo\" width=\"500\" height=\"281\" src=\"https:\/\/www.youtube.com\/embed\/wA49EA34F9A?feature=oembed\" frameborder=\"0\" allow=\"accelerometer; autoplay; clipboard-write; encrypted-media; gyroscope; picture-in-picture; web-share\" referrerpolicy=\"strict-origin-when-cross-origin\" allowfullscreen><\/iframe><\/div><\/div><\/div><\/div><\/div><\/div><\/div><\/div><\/div><div class=\"jawn_row row_in_grid\" style=\"text-align:center;padding-top:70px;padding-bottom:70px;\"><div class=\"container\"><div class=\"row_margin flex-center\"><div class=\"jawn_col vc_col-sm-12\" style=\"\"><div class=\"jawn_col-inner\"><div class=\"jawn_text_block\"><div class=\"inner\"><div id=\"team\"><h3>Abogados<\/h3><div class=\"attorneys\"><a class=\"staff-member\" href=\"https:\/\/almarosanieto.com\/es\/staff\/alma-rosa-nieto\/\"><div class=\"front\"><img loading=\"lazy\" decoding=\"async\" width=\"300\" height=\"300\" src=\"https:\/\/almarosanieto.com\/wp-content\/uploads\/2020\/07\/alma-rosa-nieto.jpg\" class=\"attachment-full size-full wp-post-image\" alt=\"Alma-rosa-nieto\" srcset=\"https:\/\/almarosanieto.com\/wp-content\/uploads\/2020\/07\/alma-rosa-nieto.jpg 300w, https:\/\/almarosanieto.com\/wp-content\/uploads\/2020\/07\/alma-rosa-nieto-150x150.jpg 150w\" sizes=\"auto, (max-width: 300px) 100vw, 300px\" \/><\/div><h4>Alma Rosa Nieto<\/h4><p>Abogada \/ Fundadora de la oficina<\/p><\/a><a class=\"staff-member\" href=\"https:\/\/almarosanieto.com\/es\/staff\/guadalupe-martinez\/\"><div class=\"front\"><img loading=\"lazy\" decoding=\"async\" width=\"300\" height=\"300\" src=\"https:\/\/almarosanieto.com\/wp-content\/uploads\/2020\/07\/atty_guadalupe.jpg\" class=\"attachment-full size-full wp-post-image\" alt=\"Atty_guadalupe\" srcset=\"https:\/\/almarosanieto.com\/wp-content\/uploads\/2020\/07\/atty_guadalupe.jpg 300w, https:\/\/almarosanieto.com\/wp-content\/uploads\/2020\/07\/atty_guadalupe-150x150.jpg 150w\" sizes=\"auto, (max-width: 300px) 100vw, 300px\" \/><\/div><h4>Guadalupe Martinez<\/h4><p>Abogada<\/p><\/a><\/div><h3>Equipo<\/h3><div class=\"team\"><div class=\"staff-member\"><div class=\"front\"><img loading=\"lazy\" decoding=\"async\" width=\"300\" height=\"300\" src=\"https:\/\/almarosanieto.com\/wp-content\/uploads\/2020\/07\/raul-peraza.jpg\" class=\"attachment-full size-full wp-post-image\" alt=\"Raul-peraza\" srcset=\"https:\/\/almarosanieto.com\/wp-content\/uploads\/2020\/07\/raul-peraza.jpg 300w, https:\/\/almarosanieto.com\/wp-content\/uploads\/2020\/07\/raul-peraza-150x150.jpg 150w\" sizes=\"auto, (max-width: 300px) 100vw, 300px\" \/><\/div><h4>Raul Peraza<\/h4><p>Administrador de Oficina<\/p><\/div><\/div><h3>Paralegals<\/h3><div class=\"paralegals\"><div class=\"staff-member\"><div class=\"front\"><img loading=\"lazy\" decoding=\"async\" width=\"300\" height=\"300\" src=\"https:\/\/almarosanieto.com\/wp-content\/uploads\/2020\/07\/heissel.jpg\" class=\"attachment-full size-full wp-post-image\" alt=\"Heissel\" srcset=\"https:\/\/almarosanieto.com\/wp-content\/uploads\/2020\/07\/heissel.jpg 300w, https:\/\/almarosanieto.com\/wp-content\/uploads\/2020\/07\/heissel-150x150.jpg 150w\" sizes=\"auto, (max-width: 300px) 100vw, 300px\" \/><\/div><h4>Heisell Orozco<\/h4><p>Paralegal <\/p><\/div><div class=\"staff-member\"><div class=\"front\"><img loading=\"lazy\" decoding=\"async\" width=\"300\" height=\"300\" src=\"https:\/\/almarosanieto.com\/wp-content\/uploads\/2020\/07\/marian.jpg\" class=\"attachment-full size-full wp-post-image\" alt=\"Marian\" srcset=\"https:\/\/almarosanieto.com\/wp-content\/uploads\/2020\/07\/marian.jpg 300w, https:\/\/almarosanieto.com\/wp-content\/uploads\/2020\/07\/marian-150x150.jpg 150w\" sizes=\"auto, (max-width: 300px) 100vw, 300px\" \/><\/div><h4>Marian Anguiano<\/h4><p>Paralegal<\/p><\/div><div class=\"staff-member\"><div class=\"front\"><img loading=\"lazy\" decoding=\"async\" width=\"300\" height=\"300\" src=\"https:\/\/almarosanieto.com\/wp-content\/uploads\/2020\/07\/nancy-lopez.jpg\" class=\"attachment-full size-full wp-post-image\" alt=\"Nancy-lopez\" srcset=\"https:\/\/almarosanieto.com\/wp-content\/uploads\/2020\/07\/nancy-lopez.jpg 300w, https:\/\/almarosanieto.com\/wp-content\/uploads\/2020\/07\/nancy-lopez-150x150.jpg 150w\" sizes=\"auto, (max-width: 300px) 100vw, 300px\" \/><\/div><h4>Nancy Lopez<\/h4><p>Paralegal<\/p><\/div><div class=\"staff-member\"><div class=\"front\"><img loading=\"lazy\" decoding=\"async\" width=\"300\" height=\"300\" src=\"https:\/\/almarosanieto.com\/wp-content\/uploads\/2020\/07\/rosa.jpg\" class=\"attachment-full size-full wp-post-image\" alt=\"Rosa\" srcset=\"https:\/\/almarosanieto.com\/wp-content\/uploads\/2020\/07\/rosa.jpg 300w, https:\/\/almarosanieto.com\/wp-content\/uploads\/2020\/07\/rosa-150x150.jpg 150w\" sizes=\"auto, (max-width: 300px) 100vw, 300px\" \/><\/div><h4>Rosa Navarro<\/h4><p>Paralegal<\/p><\/div><div class=\"staff-member\"><div class=\"front\"><img loading=\"lazy\" decoding=\"async\" width=\"300\" height=\"300\" src=\"https:\/\/almarosanieto.com\/wp-content\/uploads\/2020\/05\/sadie-green.jpg\" class=\"attachment-full size-full wp-post-image\" alt=\"Sadie-green\" srcset=\"https:\/\/almarosanieto.com\/wp-content\/uploads\/2020\/05\/sadie-green.jpg 300w, https:\/\/almarosanieto.com\/wp-content\/uploads\/2020\/05\/sadie-green-150x150.jpg 150w\" sizes=\"auto, (max-width: 300px) 100vw, 300px\" \/><\/div><h4>Sadie Green<\/h4><p>Paralegal<\/p><\/div><\/div><h3>Recepcionistas \/ Archiveras<\/h3><div class=\"receptionists-file-clerks\"><div class=\"staff-member\"><div class=\"front\"><img loading=\"lazy\" decoding=\"async\" width=\"300\" height=\"300\" src=\"https:\/\/almarosanieto.com\/wp-content\/uploads\/2020\/07\/leticia-maravilla.jpg\" class=\"attachment-full size-full wp-post-image\" alt=\"Leticia-maravilla\" srcset=\"https:\/\/almarosanieto.com\/wp-content\/uploads\/2020\/07\/leticia-maravilla.jpg 300w, https:\/\/almarosanieto.com\/wp-content\/uploads\/2020\/07\/leticia-maravilla-150x150.jpg 150w\" sizes=\"auto, (max-width: 300px) 100vw, 300px\" \/><\/div><h4>Leticia Maravilla<\/h4><p>Archivera<\/p><\/div><\/div><h3>Equipo De Redes Sociales<\/h3><div class=\"social-media-team\"><div class=\"staff-member\"><div class=\"front\"><img loading=\"lazy\" decoding=\"async\" width=\"300\" height=\"300\" src=\"https:\/\/almarosanieto.com\/wp-content\/uploads\/2020\/07\/brian-r.jpg\" class=\"attachment-full size-full wp-post-image\" alt=\"Brian-r\" srcset=\"https:\/\/almarosanieto.com\/wp-content\/uploads\/2020\/07\/brian-r.jpg 300w, https:\/\/almarosanieto.com\/wp-content\/uploads\/2020\/07\/brian-r-150x150.jpg 150w\" sizes=\"auto, (max-width: 300px) 100vw, 300px\" \/><\/div><h4>Brian Ramirez<\/h4><p>Administrador de redes sociales<\/p><\/div><\/div><\/div>\n<\/div><\/div><\/div><\/div><\/div><\/div><\/div>","protected":false},"excerpt":{"rendered":"","protected":false},"author":9,"featured_media":0,"parent":0,"menu_order":0,"comment_status":"closed","ping_status":"open","template":"","meta":{"footnotes":""},"class_list":["post-69","page","type-page","status-publish","hentry"],"yoast_head":"<!-- This site is optimized with the Yoast SEO plugin v27.1.1 - https:\/\/yoast.com\/product\/yoast-seo-wordpress\/ -->\n<title>About Us - Alma Rosa Nieto<\/title>\n<meta name=\"robots\" content=\"index, follow, max-snippet:-1, max-image-preview:large, max-video-preview:-1\" \/>\n<link rel=\"canonical\" href=\"https:\/\/almarosanieto.com\/es\/about-us\/\" \/>\n<meta property=\"og:locale\" content=\"es_MX\" \/>\n<meta property=\"og:type\" content=\"article\" \/>\n<meta property=\"og:title\" content=\"About Us - Alma Rosa Nieto\" \/>\n<meta property=\"og:url\" content=\"https:\/\/almarosanieto.com\/es\/about-us\/\" \/>\n<meta property=\"og:site_name\" content=\"Alma Rosa Nieto\" \/>\n<meta property=\"article:modified_time\" content=\"2023-02-16T00:33:43+00:00\" \/>\n<meta name=\"twitter:card\" content=\"summary_large_image\" \/>\n<meta name=\"twitter:label1\" content=\"Est. reading time\" \/>\n\t<meta name=\"twitter:data1\" content=\"1 minute\" \/>\n<script type=\"application\/ld+json\" class=\"yoast-schema-graph\">{\"@context\":\"https:\/\/schema.org\",\"@graph\":[{\"@type\":\"WebPage\",\"@id\":\"https:\/\/almarosanieto.com\/about-us\/\",\"url\":\"https:\/\/almarosanieto.com\/about-us\/\",\"name\":\"About Us - Alma Rosa Nieto\",\"isPartOf\":{\"@id\":\"https:\/\/almarosanieto.com\/#website\"},\"datePublished\":\"2020-07-01T15:53:08+00:00\",\"dateModified\":\"2023-02-16T00:33:43+00:00\",\"breadcrumb\":{\"@id\":\"https:\/\/almarosanieto.com\/about-us\/#breadcrumb\"},\"inLanguage\":\"es-MX\",\"potentialAction\":[{\"@type\":\"ReadAction\",\"target\":[\"https:\/\/almarosanieto.com\/about-us\/\"]}]},{\"@type\":\"BreadcrumbList\",\"@id\":\"https:\/\/almarosanieto.com\/about-us\/#breadcrumb\",\"itemListElement\":[{\"@type\":\"ListItem\",\"position\":1,\"name\":\"Home\",\"item\":\"https:\/\/almarosanieto.com\/\"},{\"@type\":\"ListItem\",\"position\":2,\"name\":\"About Us\"}]},{\"@type\":\"WebSite\",\"@id\":\"https:\/\/almarosanieto.com\/#website\",\"url\":\"https:\/\/almarosanieto.com\/\",\"name\":\"Alma Rosa Nieto\",\"description\":\"\",\"potentialAction\":[{\"@type\":\"SearchAction\",\"target\":{\"@type\":\"EntryPoint\",\"urlTemplate\":\"https:\/\/almarosanieto.com\/?s={search_term_string}\"},\"query-input\":{\"@type\":\"PropertyValueSpecification\",\"valueRequired\":true,\"valueName\":\"search_term_string\"}}],\"inLanguage\":\"es-MX\"}]}<\/script>\n<!-- \/ Yoast SEO plugin. -->","yoast_head_json":{"title":"About Us - Alma Rosa Nieto","robots":{"index":"index","follow":"follow","max-snippet":"max-snippet:-1","max-image-preview":"max-image-preview:large","max-video-preview":"max-video-preview:-1"},"canonical":"https:\/\/almarosanieto.com\/es\/about-us\/","og_locale":"es_MX","og_type":"article","og_title":"About Us - Alma Rosa Nieto","og_url":"https:\/\/almarosanieto.com\/es\/about-us\/","og_site_name":"Alma Rosa Nieto","article_modified_time":"2023-02-16T00:33:43+00:00","twitter_card":"summary_large_image","twitter_misc":{"Est. reading time":"1 minute"},"schema":{"@context":"https:\/\/schema.org","@graph":[{"@type":"WebPage","@id":"https:\/\/almarosanieto.com\/about-us\/","url":"https:\/\/almarosanieto.com\/about-us\/","name":"About Us - Alma Rosa Nieto","isPartOf":{"@id":"https:\/\/almarosanieto.com\/#website"},"datePublished":"2020-07-01T15:53:08+00:00","dateModified":"2023-02-16T00:33:43+00:00","breadcrumb":{"@id":"https:\/\/almarosanieto.com\/about-us\/#breadcrumb"},"inLanguage":"es-MX","potentialAction":[{"@type":"ReadAction","target":["https:\/\/almarosanieto.com\/about-us\/"]}]},{"@type":"BreadcrumbList","@id":"https:\/\/almarosanieto.com\/about-us\/#breadcrumb","itemListElement":[{"@type":"ListItem","position":1,"name":"Home","item":"https:\/\/almarosanieto.com\/"},{"@type":"ListItem","position":2,"name":"About Us"}]},{"@type":"WebSite","@id":"https:\/\/almarosanieto.com\/#website","url":"https:\/\/almarosanieto.com\/","name":"Alma Rosa Nieto","description":"","potentialAction":[{"@type":"SearchAction","target":{"@type":"EntryPoint","urlTemplate":"https:\/\/almarosanieto.com\/?s={search_term_string}"},"query-input":{"@type":"PropertyValueSpecification","valueRequired":true,"valueName":"search_term_string"}}],"inLanguage":"es-MX"}]}},"_links":{"self":[{"href":"https:\/\/almarosanieto.com\/es\/wp-json\/wp\/v2\/pages\/69","targetHints":{"allow":["GET"]}}],"collection":[{"href":"https:\/\/almarosanieto.com\/es\/wp-json\/wp\/v2\/pages"}],"about":[{"href":"https:\/\/almarosanieto.com\/es\/wp-json\/wp\/v2\/types\/page"}],"author":[{"embeddable":true,"href":"https:\/\/almarosanieto.com\/es\/wp-json\/wp\/v2\/users\/9"}],"replies":[{"embeddable":true,"href":"https:\/\/almarosanieto.com\/es\/wp-json\/wp\/v2\/comments?post=69"}],"version-history":[{"count":6,"href":"https:\/\/almarosanieto.com\/es\/wp-json\/wp\/v2\/pages\/69\/revisions"}],"predecessor-version":[{"id":1000,"href":"https:\/\/almarosanieto.com\/es\/wp-json\/wp\/v2\/pages\/69\/revisions\/1000"}],"wp:attachment":[{"href":"https:\/\/almarosanieto.com\/es\/wp-json\/wp\/v2\/media?parent=69"}],"curies":[{"name":"wp","href":"https:\/\/api.w.org\/{rel}","templated":true}]}}